{"id":439,"date":"2024-08-10T14:43:26","date_gmt":"2024-08-10T12:43:26","guid":{"rendered":"https:\/\/neoretailing.com\/?page_id=439"},"modified":"2024-09-16T14:54:42","modified_gmt":"2024-09-16T12:54:42","slug":"evenementiel-b2b","status":"publish","type":"page","link":"https:\/\/neoretailing.com\/fr_fr\/evenementiel-b2b\/","title":{"rendered":"\u00c9v\u00e8nementiel B2B"},"content":{"rendered":"\t\t<div data-elementor-type=\"wp-page\" data-elementor-id=\"439\" class=\"elementor elementor-439\">\n\t\t\t\t\t\t<section class=\"elementor-section elementor-top-section elementor-element elementor-element-68b5c1f elementor-section-boxed elementor-section-height-default elementor-section-height-default\" data-id=\"68b5c1f\" data-element_type=\"section\">\n\t\t\t\t\t\t<div class=\"elementor-container elementor-column-gap-default\">\n\t\t\t\t\t<div class=\"elementor-column elementor-col-33 elementor-top-column elementor-element elementor-element-24e3b64\" data-id=\"24e3b64\" data-element_type=\"column\">\n\t\t\t<div class=\"elementor-widget-wrap elementor-element-populated\">\n\t\t\t\t\t\t<div class=\"elementor-element elementor-element-b52a16e elementor-widget elementor-widget-image\" data-id=\"b52a16e\" data-element_type=\"widget\" data-widget_type=\"image.default\">\n\t\t\t\t<div class=\"elementor-widget-container\">\n\t\t\t\t\t\t\t\t\t\t\t\t\t\t\t<img fetchpriority=\"high\" decoding=\"async\" width=\"1024\" height=\"683\" src=\"https:\/\/neoretailing.com\/wp-content\/uploads\/2024\/07\/mt-sample-background-1024x683.jpg\" class=\"attachment-large size-large wp-image-52\" alt=\"L&#039;\u00e9v\u00e9nementiel B2B permet d&#039;organiser des moments pr\u00e9cieux pour faire conna\u00eetre l&#039;entreprise ou faire du Team Building\" srcset=\"https:\/\/neoretailing.com\/wp-content\/uploads\/2024\/07\/mt-sample-background-1024x683.jpg 1024w, https:\/\/neoretailing.com\/wp-content\/uploads\/2024\/07\/mt-sample-background-600x400.jpg 600w, https:\/\/neoretailing.com\/wp-content\/uploads\/2024\/07\/mt-sample-background-300x200.jpg 300w, https:\/\/neoretailing.com\/wp-content\/uploads\/2024\/07\/mt-sample-background-768x512.jpg 768w, https:\/\/neoretailing.com\/wp-content\/uploads\/2024\/07\/mt-sample-background-1536x1024.jpg 1536w, https:\/\/neoretailing.com\/wp-content\/uploads\/2024\/07\/mt-sample-background.jpg 1920w\" sizes=\"(max-width: 1024px) 100vw, 1024px\" \/>\t\t\t\t\t\t\t\t\t\t\t\t\t\t\t<\/div>\n\t\t\t\t<\/div>\n\t\t\t\t\t<\/div>\n\t\t<\/div>\n\t\t\t\t<div class=\"elementor-column elementor-col-66 elementor-top-column elementor-element elementor-element-91ac26b\" data-id=\"91ac26b\" data-element_type=\"column\">\n\t\t\t<div class=\"elementor-widget-wrap elementor-element-populated\">\n\t\t\t\t\t\t<div class=\"elementor-element elementor-element-1a67522 elementor-widget elementor-widget-heading\" data-id=\"1a67522\" data-element_type=\"widget\" data-widget_type=\"heading.default\">\n\t\t\t\t<div class=\"elementor-widget-container\">\n\t\t\t\t\t<h2 class=\"elementor-heading-title elementor-size-default\">\u00c9v\u00e9nementiel<\/h2>\t\t\t\t<\/div>\n\t\t\t\t<\/div>\n\t\t\t\t<div class=\"elementor-element elementor-element-05c7a0b elementor-widget elementor-widget-text-editor\" data-id=\"05c7a0b\" data-element_type=\"widget\" data-widget_type=\"text-editor.default\">\n\t\t\t\t<div class=\"elementor-widget-container\">\n\t\t\t\t\t\t\t\t\t<p>Neoretailing propose d&rsquo;organiser des \u00e9v\u00e9nements professionnels ayant pour objectif de mettre en avant des solutions innovantes, ou de pr\u00e9senter l&rsquo;offre compl\u00e8te d&rsquo;une entreprise, ou de d\u00e9velopper le bon relationnel au sein des \u00e9quipes (Team-Building).&nbsp;<\/p><p>Il est difficile de faire se d\u00e9placer des prospects et c&rsquo;est pourquoi il est indispensable d&rsquo;\u00e9laborer des \u00e9v\u00e9nements originaux dans leur forme et dans leur contenu. L&rsquo;aspect budg\u00e9taire est \u00e9galement tr\u00e8s important pour d\u00e9terminer la solution la plus appropri\u00e9e.<\/p>\n<p>Le lieu est \u00e9galement un param\u00e8tre important afin de rassembler le plus grand nombre. C&rsquo;est pourquoi Neoretailing a nou\u00e9 un partenariat avec Verdon Voyages, une jeune soci\u00e9t\u00e9 sp\u00e9cialis\u00e9e dans les op\u00e9rations \u00e9v\u00e9nementielles dans la magnifique r\u00e9gion du Verdon. Un large panel d&rsquo;activit\u00e9s outdoor est propos\u00e9 afin de cr\u00e9er des souvenirs imp\u00e9rissables qui serviront de ciment aux membres des \u00e9quipes.<\/p><p>Neoretailing est \u00e9galement en mesure de proposer des \u00e9v\u00e9nementiels internes, dans les locaux de l&rsquo;entreprise ou dans des locaux situ\u00e9s \u00e0 proximit\u00e9, afin de limiter le budget.&nbsp;<\/p>\n<p><\/p>\t\t\t\t\t\t\t\t<\/div>\n\t\t\t\t<\/div>\n\t\t\t\t\t<\/div>\n\t\t<\/div>\n\t\t\t\t\t<\/div>\n\t\t<\/section>\n\t\t\t\t<\/div>\n\t\t","protected":false},"excerpt":{"rendered":"<p>\u00c9v\u00e9nementiel Neoretailing propose d&rsquo;organiser des \u00e9v\u00e9nements professionnels ayant pour objectif de mettre en avant des solutions innovantes, ou de pr\u00e9senter l&rsquo;offre compl\u00e8te d&rsquo;une entreprise, ou de d\u00e9velopper le bon relationnel au sein des \u00e9quipes (Team-Building).&nbsp; Il est difficile de faire se d\u00e9placer des prospects et c&rsquo;est pourquoi il est indispensable d&rsquo;\u00e9laborer des \u00e9v\u00e9nements originaux dans [&hellip;]<\/p>\n","protected":false},"author":1,"featured_media":0,"parent":0,"menu_order":0,"comment_status":"closed","ping_status":"closed","template":"","meta":{"_monsterinsights_skip_tracking":false,"_monsterinsights_sitenote_active":false,"_monsterinsights_sitenote_note":"","_monsterinsights_sitenote_category":0,"ocean_post_layout":"","ocean_both_sidebars_style":"","ocean_both_sidebars_content_width":0,"ocean_both_sidebars_sidebars_width":0,"ocean_sidebar":"","ocean_second_sidebar":"","ocean_disable_margins":"enable","ocean_add_body_class":"","ocean_shortcode_before_top_bar":"","ocean_shortcode_after_top_bar":"","ocean_shortcode_before_header":"","ocean_shortcode_after_header":"","ocean_has_shortcode":"","ocean_shortcode_after_title":"","ocean_shortcode_before_footer_widgets":"","ocean_shortcode_after_footer_widgets":"","ocean_shortcode_before_footer_bottom":"","ocean_shortcode_after_footer_bottom":"","ocean_display_top_bar":"default","ocean_display_header":"default","ocean_header_style":"","ocean_center_header_left_menu":"","ocean_custom_header_template":"","ocean_custom_logo":0,"ocean_custom_retina_logo":0,"ocean_custom_logo_max_width":0,"ocean_custom_logo_tablet_max_width":0,"ocean_custom_logo_mobile_max_width":0,"ocean_custom_logo_max_height":0,"ocean_custom_logo_tablet_max_height":0,"ocean_custom_logo_mobile_max_height":0,"ocean_header_custom_menu":"","ocean_menu_typo_font_family":"","ocean_menu_typo_font_subset":"","ocean_menu_typo_font_size":0,"ocean_menu_typo_font_size_tablet":0,"ocean_menu_typo_font_size_mobile":0,"ocean_menu_typo_font_size_unit":"px","ocean_menu_typo_font_weight":"","ocean_menu_typo_font_weight_tablet":"","ocean_menu_typo_font_weight_mobile":"","ocean_menu_typo_transform":"","ocean_menu_typo_transform_tablet":"","ocean_menu_typo_transform_mobile":"","ocean_menu_typo_line_height":0,"ocean_menu_typo_line_height_tablet":0,"ocean_menu_typo_line_height_mobile":0,"ocean_menu_typo_line_height_unit":"","ocean_menu_typo_spacing":0,"ocean_menu_typo_spacing_tablet":0,"ocean_menu_typo_spacing_mobile":0,"ocean_menu_typo_spacing_unit":"","ocean_menu_link_color":"","ocean_menu_link_color_hover":"","ocean_menu_link_color_active":"","ocean_menu_link_background":"","ocean_menu_link_hover_background":"","ocean_menu_link_active_background":"","ocean_menu_social_links_bg":"","ocean_menu_social_hover_links_bg":"","ocean_menu_social_links_color":"","ocean_menu_social_hover_links_color":"","ocean_disable_title":"default","ocean_disable_heading":"default","ocean_post_title":"","ocean_post_subheading":"","ocean_post_title_style":"","ocean_post_title_background_color":"","ocean_post_title_background":0,"ocean_post_title_bg_image_position":"","ocean_post_title_bg_image_attachment":"","ocean_post_title_bg_image_repeat":"","ocean_post_title_bg_image_size":"","ocean_post_title_height":0,"ocean_post_title_bg_overlay":0.5,"ocean_post_title_bg_overlay_color":"","ocean_disable_breadcrumbs":"default","ocean_breadcrumbs_color":"","ocean_breadcrumbs_separator_color":"","ocean_breadcrumbs_links_color":"","ocean_breadcrumbs_links_hover_color":"","ocean_display_footer_widgets":"default","ocean_display_footer_bottom":"default","ocean_custom_footer_template":"","footnotes":""},"class_list":["post-439","page","type-page","status-publish","hentry","entry","owp-thumbs-layout-horizontal","owp-btn-very-big","owp-tabs-layout-horizontal","has-no-thumbnails"],"yoast_head":"<!-- This site is optimized with the Yoast SEO plugin v27.3 - https:\/\/yoast.com\/product\/yoast-seo-wordpress\/ -->\n<title>\u00c9v\u00e9nementiel d&#039;entreprise<\/title>\n<meta name=\"description\" content=\"Organisation d&#039;\u00e9v\u00e9nementiels d&#039;entreprise B2B pour des \u00e9v\u00e9nements originaux et efficaces pour les clients les prospects ou les salari\u00e9s\" \/>\n<meta name=\"robots\" content=\"index, follow, max-snippet:-1, max-image-preview:large, max-video-preview:-1\" \/>\n<link rel=\"canonical\" href=\"https:\/\/neoretailing.com\/fr_fr\/evenementiel-b2b\/\" \/>\n<meta property=\"og:locale\" content=\"fr_FR\" \/>\n<meta property=\"og:type\" content=\"article\" \/>\n<meta property=\"og:title\" content=\"\u00c9v\u00e9nementiel d&#039;entreprise\" \/>\n<meta property=\"og:description\" content=\"Organisation d&#039;\u00e9v\u00e9nementiels d&#039;entreprise B2B pour des \u00e9v\u00e9nements originaux et efficaces pour les clients les prospects ou les salari\u00e9s\" \/>\n<meta property=\"og:url\" content=\"https:\/\/neoretailing.com\/fr_fr\/evenementiel-b2b\/\" \/>\n<meta property=\"og:site_name\" content=\"NEORETAILING\" \/>\n<meta property=\"article:modified_time\" content=\"2024-09-16T12:54:42+00:00\" \/>\n<meta property=\"og:image\" content=\"https:\/\/neoretailing.com\/wp-content\/uploads\/2024\/07\/mt-sample-background-1024x683.jpg\" \/>\n<meta name=\"twitter:card\" content=\"summary_large_image\" \/>\n<meta name=\"twitter:label1\" content=\"Dur\u00e9e de lecture estim\u00e9e\" \/>\n\t<meta name=\"twitter:data1\" content=\"2 minutes\" \/>\n<script type=\"application\/ld+json\" class=\"yoast-schema-graph\">{\"@context\":\"https:\\\/\\\/schema.org\",\"@graph\":[{\"@type\":\"WebPage\",\"@id\":\"https:\\\/\\\/neoretailing.com\\\/evenementiel-b2b\\\/\",\"url\":\"https:\\\/\\\/neoretailing.com\\\/evenementiel-b2b\\\/\",\"name\":\"\u00c9v\u00e9nementiel d'entreprise\",\"isPartOf\":{\"@id\":\"https:\\\/\\\/neoretailing.com\\\/#website\"},\"primaryImageOfPage\":{\"@id\":\"https:\\\/\\\/neoretailing.com\\\/evenementiel-b2b\\\/#primaryimage\"},\"image\":{\"@id\":\"https:\\\/\\\/neoretailing.com\\\/evenementiel-b2b\\\/#primaryimage\"},\"thumbnailUrl\":\"https:\\\/\\\/neoretailing.com\\\/wp-content\\\/uploads\\\/2024\\\/07\\\/mt-sample-background-1024x683.jpg\",\"datePublished\":\"2024-08-10T12:43:26+00:00\",\"dateModified\":\"2024-09-16T12:54:42+00:00\",\"description\":\"Organisation d'\u00e9v\u00e9nementiels d'entreprise B2B pour des \u00e9v\u00e9nements originaux et efficaces pour les clients les prospects ou les salari\u00e9s\",\"breadcrumb\":{\"@id\":\"https:\\\/\\\/neoretailing.com\\\/evenementiel-b2b\\\/#breadcrumb\"},\"inLanguage\":\"fr-FR\",\"potentialAction\":[{\"@type\":\"ReadAction\",\"target\":[\"https:\\\/\\\/neoretailing.com\\\/evenementiel-b2b\\\/\"]}]},{\"@type\":\"ImageObject\",\"inLanguage\":\"fr-FR\",\"@id\":\"https:\\\/\\\/neoretailing.com\\\/evenementiel-b2b\\\/#primaryimage\",\"url\":\"https:\\\/\\\/neoretailing.com\\\/wp-content\\\/uploads\\\/2024\\\/07\\\/mt-sample-background-1024x683.jpg\",\"contentUrl\":\"https:\\\/\\\/neoretailing.com\\\/wp-content\\\/uploads\\\/2024\\\/07\\\/mt-sample-background-1024x683.jpg\"},{\"@type\":\"BreadcrumbList\",\"@id\":\"https:\\\/\\\/neoretailing.com\\\/evenementiel-b2b\\\/#breadcrumb\",\"itemListElement\":[{\"@type\":\"ListItem\",\"position\":1,\"name\":\"Accueil\",\"item\":\"https:\\\/\\\/neoretailing.com\\\/\"},{\"@type\":\"ListItem\",\"position\":2,\"name\":\"\u00c9v\u00e8nementiel B2B\"}]},{\"@type\":\"WebSite\",\"@id\":\"https:\\\/\\\/neoretailing.com\\\/#website\",\"url\":\"https:\\\/\\\/neoretailing.com\\\/\",\"name\":\"NEORETAILING\",\"description\":\"Conseil, Innovation, \u00c9tudes, \u00c9v\u00e9nementiel\",\"potentialAction\":[{\"@type\":\"SearchAction\",\"target\":{\"@type\":\"EntryPoint\",\"urlTemplate\":\"https:\\\/\\\/neoretailing.com\\\/?s={search_term_string}\"},\"query-input\":{\"@type\":\"PropertyValueSpecification\",\"valueRequired\":true,\"valueName\":\"search_term_string\"}}],\"inLanguage\":\"fr-FR\"}]}<\/script>\n<!-- \/ Yoast SEO plugin. -->","yoast_head_json":{"title":"\u00c9v\u00e9nementiel d'entreprise","description":"Organisation d'\u00e9v\u00e9nementiels d'entreprise B2B pour des \u00e9v\u00e9nements originaux et efficaces pour les clients les prospects ou les salari\u00e9s","robots":{"index":"index","follow":"follow","max-snippet":"max-snippet:-1","max-image-preview":"max-image-preview:large","max-video-preview":"max-video-preview:-1"},"canonical":"https:\/\/neoretailing.com\/fr_fr\/evenementiel-b2b\/","og_locale":"fr_FR","og_type":"article","og_title":"\u00c9v\u00e9nementiel d'entreprise","og_description":"Organisation d'\u00e9v\u00e9nementiels d'entreprise B2B pour des \u00e9v\u00e9nements originaux et efficaces pour les clients les prospects ou les salari\u00e9s","og_url":"https:\/\/neoretailing.com\/fr_fr\/evenementiel-b2b\/","og_site_name":"NEORETAILING","article_modified_time":"2024-09-16T12:54:42+00:00","og_image":[{"url":"https:\/\/neoretailing.com\/wp-content\/uploads\/2024\/07\/mt-sample-background-1024x683.jpg","type":"","width":"","height":""}],"twitter_card":"summary_large_image","twitter_misc":{"Dur\u00e9e de lecture estim\u00e9e":"2 minutes"},"schema":{"@context":"https:\/\/schema.org","@graph":[{"@type":"WebPage","@id":"https:\/\/neoretailing.com\/evenementiel-b2b\/","url":"https:\/\/neoretailing.com\/evenementiel-b2b\/","name":"\u00c9v\u00e9nementiel d'entreprise","isPartOf":{"@id":"https:\/\/neoretailing.com\/#website"},"primaryImageOfPage":{"@id":"https:\/\/neoretailing.com\/evenementiel-b2b\/#primaryimage"},"image":{"@id":"https:\/\/neoretailing.com\/evenementiel-b2b\/#primaryimage"},"thumbnailUrl":"https:\/\/neoretailing.com\/wp-content\/uploads\/2024\/07\/mt-sample-background-1024x683.jpg","datePublished":"2024-08-10T12:43:26+00:00","dateModified":"2024-09-16T12:54:42+00:00","description":"Organisation d'\u00e9v\u00e9nementiels d'entreprise B2B pour des \u00e9v\u00e9nements originaux et efficaces pour les clients les prospects ou les salari\u00e9s","breadcrumb":{"@id":"https:\/\/neoretailing.com\/evenementiel-b2b\/#breadcrumb"},"inLanguage":"fr-FR","potentialAction":[{"@type":"ReadAction","target":["https:\/\/neoretailing.com\/evenementiel-b2b\/"]}]},{"@type":"ImageObject","inLanguage":"fr-FR","@id":"https:\/\/neoretailing.com\/evenementiel-b2b\/#primaryimage","url":"https:\/\/neoretailing.com\/wp-content\/uploads\/2024\/07\/mt-sample-background-1024x683.jpg","contentUrl":"https:\/\/neoretailing.com\/wp-content\/uploads\/2024\/07\/mt-sample-background-1024x683.jpg"},{"@type":"BreadcrumbList","@id":"https:\/\/neoretailing.com\/evenementiel-b2b\/#breadcrumb","itemListElement":[{"@type":"ListItem","position":1,"name":"Accueil","item":"https:\/\/neoretailing.com\/"},{"@type":"ListItem","position":2,"name":"\u00c9v\u00e8nementiel B2B"}]},{"@type":"WebSite","@id":"https:\/\/neoretailing.com\/#website","url":"https:\/\/neoretailing.com\/","name":"NEORETAILING","description":"Conseil, Innovation, \u00c9tudes, \u00c9v\u00e9nementiel","potentialAction":[{"@type":"SearchAction","target":{"@type":"EntryPoint","urlTemplate":"https:\/\/neoretailing.com\/?s={search_term_string}"},"query-input":{"@type":"PropertyValueSpecification","valueRequired":true,"valueName":"search_term_string"}}],"inLanguage":"fr-FR"}]}},"jetpack_sharing_enabled":true,"_links":{"self":[{"href":"https:\/\/neoretailing.com\/fr_fr\/wp-json\/wp\/v2\/pages\/439","targetHints":{"allow":["GET"]}}],"collection":[{"href":"https:\/\/neoretailing.com\/fr_fr\/wp-json\/wp\/v2\/pages"}],"about":[{"href":"https:\/\/neoretailing.com\/fr_fr\/wp-json\/wp\/v2\/types\/page"}],"author":[{"embeddable":true,"href":"https:\/\/neoretailing.com\/fr_fr\/wp-json\/wp\/v2\/users\/1"}],"replies":[{"embeddable":true,"href":"https:\/\/neoretailing.com\/fr_fr\/wp-json\/wp\/v2\/comments?post=439"}],"version-history":[{"count":10,"href":"https:\/\/neoretailing.com\/fr_fr\/wp-json\/wp\/v2\/pages\/439\/revisions"}],"predecessor-version":[{"id":743,"href":"https:\/\/neoretailing.com\/fr_fr\/wp-json\/wp\/v2\/pages\/439\/revisions\/743"}],"wp:attachment":[{"href":"https:\/\/neoretailing.com\/fr_fr\/wp-json\/wp\/v2\/media?parent=439"}],"curies":[{"name":"wp","href":"https:\/\/api.w.org\/{rel}","templated":true}]}}