{"id":25,"date":"2024-06-25T12:06:35","date_gmt":"2024-06-25T10:06:35","guid":{"rendered":"https:\/\/neoretailing.com\/?page_id=25"},"modified":"2024-09-16T15:02:37","modified_gmt":"2024-09-16T13:02:37","slug":"service-1","status":"publish","type":"page","link":"https:\/\/neoretailing.com\/fr_fr\/service-1\/","title":{"rendered":"Conseil"},"content":{"rendered":"\t\t<div data-elementor-type=\"wp-page\" data-elementor-id=\"25\" class=\"elementor elementor-25\">\n\t\t\t\t\t\t<section class=\"elementor-section elementor-top-section elementor-element elementor-element-e70490e elementor-section-boxed elementor-section-height-default elementor-section-height-default\" data-id=\"e70490e\" data-element_type=\"section\">\n\t\t\t\t\t\t<div class=\"elementor-container elementor-column-gap-default\">\n\t\t\t\t\t<div class=\"elementor-column elementor-col-33 elementor-top-column elementor-element elementor-element-ed76d6c\" data-id=\"ed76d6c\" data-element_type=\"column\">\n\t\t\t<div class=\"elementor-widget-wrap elementor-element-populated\">\n\t\t\t\t\t\t<div class=\"elementor-element elementor-element-3dbaa61 elementor-widget elementor-widget-image\" data-id=\"3dbaa61\" data-element_type=\"widget\" data-widget_type=\"image.default\">\n\t\t\t\t<div class=\"elementor-widget-container\">\n\t\t\t\t\t\t\t\t\t\t\t\t\t\t\t<img fetchpriority=\"high\" decoding=\"async\" width=\"890\" height=\"550\" src=\"https:\/\/neoretailing.com\/wp-content\/uploads\/2024\/08\/Capture-decran-2024-08-02-a-11.21.57.png\" class=\"attachment-large size-large wp-image-397\" alt=\"Neoretailing propose du conseil personnalis\u00e9 aux entreprises\" srcset=\"https:\/\/neoretailing.com\/wp-content\/uploads\/2024\/08\/Capture-decran-2024-08-02-a-11.21.57.png 890w, https:\/\/neoretailing.com\/wp-content\/uploads\/2024\/08\/Capture-decran-2024-08-02-a-11.21.57-300x185.png 300w, https:\/\/neoretailing.com\/wp-content\/uploads\/2024\/08\/Capture-decran-2024-08-02-a-11.21.57-768x475.png 768w, https:\/\/neoretailing.com\/wp-content\/uploads\/2024\/08\/Capture-decran-2024-08-02-a-11.21.57-600x371.png 600w\" sizes=\"(max-width: 890px) 100vw, 890px\" \/>\t\t\t\t\t\t\t\t\t\t\t\t\t\t\t<\/div>\n\t\t\t\t<\/div>\n\t\t\t\t\t<\/div>\n\t\t<\/div>\n\t\t\t\t<div class=\"elementor-column elementor-col-66 elementor-top-column elementor-element elementor-element-8e6f5c1\" data-id=\"8e6f5c1\" data-element_type=\"column\">\n\t\t\t<div class=\"elementor-widget-wrap elementor-element-populated\">\n\t\t\t\t\t\t<div class=\"elementor-element elementor-element-4b6cbd3 elementor-widget elementor-widget-heading\" data-id=\"4b6cbd3\" data-element_type=\"widget\" data-widget_type=\"heading.default\">\n\t\t\t\t<div class=\"elementor-widget-container\">\n\t\t\t\t\t<h2 class=\"elementor-heading-title elementor-size-default\">Activit\u00e9 de Conseil<\/h2>\t\t\t\t<\/div>\n\t\t\t\t<\/div>\n\t\t\t\t<div class=\"elementor-element elementor-element-3d73795 elementor-widget elementor-widget-text-editor\" data-id=\"3d73795\" data-element_type=\"widget\" data-widget_type=\"text-editor.default\">\n\t\t\t\t<div class=\"elementor-widget-container\">\n\t\t\t\t\t\t\t\t\t<p>Fort d&rsquo;une exp\u00e9rience de plus de trente dans des entreprises de haute technologie s&rsquo;adressant au secteur du Retail, J\u00e9r\u00f4me Dutel en cr\u00e9ant NeoRetailing souhaite tout d&rsquo;abord proposer une prestation de Conseil : Conseil en Innovation, Conseil en strat\u00e9gie, Conseil en D\u00e9veloppement Commercial et Conseil en \u00c9v\u00e9nementiel.<\/p><p>Pragmatisme et efficacit\u00e9 sont les ma\u00eetres mots de l&rsquo;approche de NeoRetailing. Apr\u00e8s une premi\u00e8re rencontre qui permettra de d\u00e9finir les besoins et les objectifs de la mission, une proposition sera \u00e9tablie qui d\u00e9crira les ressources mises en oeuvre et les livrables remis en fin de mission.<\/p><p>Aujourd&rsquo;hui Neoretailing intervient aupr\u00e8s d&rsquo;une entreprise sp\u00e9cialis\u00e9e dans les \u00e9tiquettes de s\u00e9curit\u00e9 \u00e9lectronique. L&rsquo; objectif est de d\u00e9velopper le march\u00e9 fran\u00e7ais. Avec pr\u00e8s de 8 ans pass\u00e9 chez Sensormatic, longtemps le leader de la s\u00e9curit\u00e9 \u00e9lectronique des articles (EAS), J\u00e9r\u00f4me Dutel a pu s&rsquo;appuyer sur son exp\u00e9rience pour mener \u00e0 bien cette mission.<\/p><p>\u00a0<\/p>\t\t\t\t\t\t\t\t<\/div>\n\t\t\t\t<\/div>\n\t\t\t\t\t<\/div>\n\t\t<\/div>\n\t\t\t\t\t<\/div>\n\t\t<\/section>\n\t\t\t\t<\/div>\n\t\t","protected":false},"excerpt":{"rendered":"<p>Activit\u00e9 de Conseil Fort d&rsquo;une exp\u00e9rience de plus de trente dans des entreprises de haute technologie s&rsquo;adressant au secteur du Retail, J\u00e9r\u00f4me Dutel en cr\u00e9ant NeoRetailing souhaite tout d&rsquo;abord proposer une prestation de Conseil : Conseil en Innovation, Conseil en strat\u00e9gie, Conseil en D\u00e9veloppement Commercial et Conseil en \u00c9v\u00e9nementiel. Pragmatisme et efficacit\u00e9 sont les ma\u00eetres [&hellip;]<\/p>\n","protected":false},"author":1,"featured_media":0,"parent":0,"menu_order":0,"comment_status":"closed","ping_status":"closed","template":"","meta":{"_monsterinsights_skip_tracking":false,"_monsterinsights_sitenote_active":false,"_monsterinsights_sitenote_note":"","_monsterinsights_sitenote_category":0,"ocean_post_layout":"","ocean_both_sidebars_style":"","ocean_both_sidebars_content_width":0,"ocean_both_sidebars_sidebars_width":0,"ocean_sidebar":"","ocean_second_sidebar":"","ocean_disable_margins":"enable","ocean_add_body_class":"","ocean_shortcode_before_top_bar":"","ocean_shortcode_after_top_bar":"","ocean_shortcode_before_header":"","ocean_shortcode_after_header":"","ocean_has_shortcode":"","ocean_shortcode_after_title":"","ocean_shortcode_before_footer_widgets":"","ocean_shortcode_after_footer_widgets":"","ocean_shortcode_before_footer_bottom":"","ocean_shortcode_after_footer_bottom":"","ocean_display_top_bar":"default","ocean_display_header":"default","ocean_header_style":"","ocean_center_header_left_menu":"","ocean_custom_header_template":"","ocean_custom_logo":0,"ocean_custom_retina_logo":0,"ocean_custom_logo_max_width":0,"ocean_custom_logo_tablet_max_width":0,"ocean_custom_logo_mobile_max_width":0,"ocean_custom_logo_max_height":0,"ocean_custom_logo_tablet_max_height":0,"ocean_custom_logo_mobile_max_height":0,"ocean_header_custom_menu":"","ocean_menu_typo_font_family":"","ocean_menu_typo_font_subset":"","ocean_menu_typo_font_size":0,"ocean_menu_typo_font_size_tablet":0,"ocean_menu_typo_font_size_mobile":0,"ocean_menu_typo_font_size_unit":"px","ocean_menu_typo_font_weight":"","ocean_menu_typo_font_weight_tablet":"","ocean_menu_typo_font_weight_mobile":"","ocean_menu_typo_transform":"","ocean_menu_typo_transform_tablet":"","ocean_menu_typo_transform_mobile":"","ocean_menu_typo_line_height":0,"ocean_menu_typo_line_height_tablet":0,"ocean_menu_typo_line_height_mobile":0,"ocean_menu_typo_line_height_unit":"","ocean_menu_typo_spacing":0,"ocean_menu_typo_spacing_tablet":0,"ocean_menu_typo_spacing_mobile":0,"ocean_menu_typo_spacing_unit":"","ocean_menu_link_color":"","ocean_menu_link_color_hover":"","ocean_menu_link_color_active":"","ocean_menu_link_background":"","ocean_menu_link_hover_background":"","ocean_menu_link_active_background":"","ocean_menu_social_links_bg":"","ocean_menu_social_hover_links_bg":"","ocean_menu_social_links_color":"","ocean_menu_social_hover_links_color":"","ocean_disable_title":"default","ocean_disable_heading":"default","ocean_post_title":"","ocean_post_subheading":"","ocean_post_title_style":"","ocean_post_title_background_color":"","ocean_post_title_background":0,"ocean_post_title_bg_image_position":"","ocean_post_title_bg_image_attachment":"","ocean_post_title_bg_image_repeat":"","ocean_post_title_bg_image_size":"","ocean_post_title_height":0,"ocean_post_title_bg_overlay":0.5,"ocean_post_title_bg_overlay_color":"","ocean_disable_breadcrumbs":"default","ocean_breadcrumbs_color":"","ocean_breadcrumbs_separator_color":"","ocean_breadcrumbs_links_color":"","ocean_breadcrumbs_links_hover_color":"","ocean_display_footer_widgets":"default","ocean_display_footer_bottom":"default","ocean_custom_footer_template":"","footnotes":""},"class_list":["post-25","page","type-page","status-publish","hentry","entry","owp-thumbs-layout-horizontal","owp-btn-very-big","owp-tabs-layout-horizontal","has-no-thumbnails"],"yoast_head":"<!-- This site is optimized with the Yoast SEO plugin v27.4 - https:\/\/yoast.com\/product\/yoast-seo-wordpress\/ -->\n<title>Conseil en innovation Conseil en strat\u00e9gie op\u00e9rationnelle<\/title>\n<meta name=\"description\" content=\"Neoretailing propose une prestation de conseil en innovation incr\u00e9mentale ou disruptive sur tout secteur d&#039;activit\u00e9\" \/>\n<meta name=\"robots\" content=\"index, follow, max-snippet:-1, max-image-preview:large, max-video-preview:-1\" \/>\n<link rel=\"canonical\" href=\"https:\/\/neoretailing.com\/fr_fr\/service-1\/\" \/>\n<meta property=\"og:locale\" content=\"fr_FR\" \/>\n<meta property=\"og:type\" content=\"article\" \/>\n<meta property=\"og:title\" content=\"Conseil en innovation Conseil en strat\u00e9gie op\u00e9rationnelle\" \/>\n<meta property=\"og:description\" content=\"Neoretailing propose une prestation de conseil en innovation incr\u00e9mentale ou disruptive sur tout secteur d&#039;activit\u00e9\" \/>\n<meta property=\"og:url\" content=\"https:\/\/neoretailing.com\/fr_fr\/service-1\/\" \/>\n<meta property=\"og:site_name\" content=\"NEORETAILING\" \/>\n<meta property=\"article:modified_time\" content=\"2024-09-16T13:02:37+00:00\" \/>\n<meta property=\"og:image\" content=\"https:\/\/neoretailing.com\/wp-content\/uploads\/2024\/08\/Capture-decran-2024-08-02-a-11.21.57.png\" \/>\n<meta name=\"twitter:card\" content=\"summary_large_image\" \/>\n<meta name=\"twitter:label1\" content=\"Dur\u00e9e de lecture estim\u00e9e\" \/>\n\t<meta name=\"twitter:data1\" content=\"1 minute\" \/>\n<script type=\"application\/ld+json\" class=\"yoast-schema-graph\">{\"@context\":\"https:\\\/\\\/schema.org\",\"@graph\":[{\"@type\":\"WebPage\",\"@id\":\"https:\\\/\\\/neoretailing.com\\\/service-1\\\/\",\"url\":\"https:\\\/\\\/neoretailing.com\\\/service-1\\\/\",\"name\":\"Conseil en innovation Conseil en strat\u00e9gie op\u00e9rationnelle\",\"isPartOf\":{\"@id\":\"https:\\\/\\\/neoretailing.com\\\/#website\"},\"primaryImageOfPage\":{\"@id\":\"https:\\\/\\\/neoretailing.com\\\/service-1\\\/#primaryimage\"},\"image\":{\"@id\":\"https:\\\/\\\/neoretailing.com\\\/service-1\\\/#primaryimage\"},\"thumbnailUrl\":\"https:\\\/\\\/neoretailing.com\\\/wp-content\\\/uploads\\\/2024\\\/08\\\/Capture-decran-2024-08-02-a-11.21.57.png\",\"datePublished\":\"2024-06-25T10:06:35+00:00\",\"dateModified\":\"2024-09-16T13:02:37+00:00\",\"description\":\"Neoretailing propose une prestation de conseil en innovation incr\u00e9mentale ou disruptive sur tout secteur d'activit\u00e9\",\"breadcrumb\":{\"@id\":\"https:\\\/\\\/neoretailing.com\\\/service-1\\\/#breadcrumb\"},\"inLanguage\":\"fr-FR\",\"potentialAction\":[{\"@type\":\"ReadAction\",\"target\":[\"https:\\\/\\\/neoretailing.com\\\/service-1\\\/\"]}]},{\"@type\":\"ImageObject\",\"inLanguage\":\"fr-FR\",\"@id\":\"https:\\\/\\\/neoretailing.com\\\/service-1\\\/#primaryimage\",\"url\":\"https:\\\/\\\/neoretailing.com\\\/wp-content\\\/uploads\\\/2024\\\/08\\\/Capture-decran-2024-08-02-a-11.21.57.png\",\"contentUrl\":\"https:\\\/\\\/neoretailing.com\\\/wp-content\\\/uploads\\\/2024\\\/08\\\/Capture-decran-2024-08-02-a-11.21.57.png\"},{\"@type\":\"BreadcrumbList\",\"@id\":\"https:\\\/\\\/neoretailing.com\\\/service-1\\\/#breadcrumb\",\"itemListElement\":[{\"@type\":\"ListItem\",\"position\":1,\"name\":\"Accueil\",\"item\":\"https:\\\/\\\/neoretailing.com\\\/\"},{\"@type\":\"ListItem\",\"position\":2,\"name\":\"Conseil\"}]},{\"@type\":\"WebSite\",\"@id\":\"https:\\\/\\\/neoretailing.com\\\/#website\",\"url\":\"https:\\\/\\\/neoretailing.com\\\/\",\"name\":\"NEORETAILING\",\"description\":\"Conseil, Innovation, \u00c9tudes, \u00c9v\u00e9nementiel\",\"potentialAction\":[{\"@type\":\"SearchAction\",\"target\":{\"@type\":\"EntryPoint\",\"urlTemplate\":\"https:\\\/\\\/neoretailing.com\\\/?s={search_term_string}\"},\"query-input\":{\"@type\":\"PropertyValueSpecification\",\"valueRequired\":true,\"valueName\":\"search_term_string\"}}],\"inLanguage\":\"fr-FR\"}]}<\/script>\n<!-- \/ Yoast SEO plugin. -->","yoast_head_json":{"title":"Conseil en innovation Conseil en strat\u00e9gie op\u00e9rationnelle","description":"Neoretailing propose une prestation de conseil en innovation incr\u00e9mentale ou disruptive sur tout secteur d'activit\u00e9","robots":{"index":"index","follow":"follow","max-snippet":"max-snippet:-1","max-image-preview":"max-image-preview:large","max-video-preview":"max-video-preview:-1"},"canonical":"https:\/\/neoretailing.com\/fr_fr\/service-1\/","og_locale":"fr_FR","og_type":"article","og_title":"Conseil en innovation Conseil en strat\u00e9gie op\u00e9rationnelle","og_description":"Neoretailing propose une prestation de conseil en innovation incr\u00e9mentale ou disruptive sur tout secteur d'activit\u00e9","og_url":"https:\/\/neoretailing.com\/fr_fr\/service-1\/","og_site_name":"NEORETAILING","article_modified_time":"2024-09-16T13:02:37+00:00","og_image":[{"url":"https:\/\/neoretailing.com\/wp-content\/uploads\/2024\/08\/Capture-decran-2024-08-02-a-11.21.57.png","type":"","width":"","height":""}],"twitter_card":"summary_large_image","twitter_misc":{"Dur\u00e9e de lecture estim\u00e9e":"1 minute"},"schema":{"@context":"https:\/\/schema.org","@graph":[{"@type":"WebPage","@id":"https:\/\/neoretailing.com\/service-1\/","url":"https:\/\/neoretailing.com\/service-1\/","name":"Conseil en innovation Conseil en strat\u00e9gie op\u00e9rationnelle","isPartOf":{"@id":"https:\/\/neoretailing.com\/#website"},"primaryImageOfPage":{"@id":"https:\/\/neoretailing.com\/service-1\/#primaryimage"},"image":{"@id":"https:\/\/neoretailing.com\/service-1\/#primaryimage"},"thumbnailUrl":"https:\/\/neoretailing.com\/wp-content\/uploads\/2024\/08\/Capture-decran-2024-08-02-a-11.21.57.png","datePublished":"2024-06-25T10:06:35+00:00","dateModified":"2024-09-16T13:02:37+00:00","description":"Neoretailing propose une prestation de conseil en innovation incr\u00e9mentale ou disruptive sur tout secteur d'activit\u00e9","breadcrumb":{"@id":"https:\/\/neoretailing.com\/service-1\/#breadcrumb"},"inLanguage":"fr-FR","potentialAction":[{"@type":"ReadAction","target":["https:\/\/neoretailing.com\/service-1\/"]}]},{"@type":"ImageObject","inLanguage":"fr-FR","@id":"https:\/\/neoretailing.com\/service-1\/#primaryimage","url":"https:\/\/neoretailing.com\/wp-content\/uploads\/2024\/08\/Capture-decran-2024-08-02-a-11.21.57.png","contentUrl":"https:\/\/neoretailing.com\/wp-content\/uploads\/2024\/08\/Capture-decran-2024-08-02-a-11.21.57.png"},{"@type":"BreadcrumbList","@id":"https:\/\/neoretailing.com\/service-1\/#breadcrumb","itemListElement":[{"@type":"ListItem","position":1,"name":"Accueil","item":"https:\/\/neoretailing.com\/"},{"@type":"ListItem","position":2,"name":"Conseil"}]},{"@type":"WebSite","@id":"https:\/\/neoretailing.com\/#website","url":"https:\/\/neoretailing.com\/","name":"NEORETAILING","description":"Conseil, Innovation, \u00c9tudes, \u00c9v\u00e9nementiel","potentialAction":[{"@type":"SearchAction","target":{"@type":"EntryPoint","urlTemplate":"https:\/\/neoretailing.com\/?s={search_term_string}"},"query-input":{"@type":"PropertyValueSpecification","valueRequired":true,"valueName":"search_term_string"}}],"inLanguage":"fr-FR"}]}},"jetpack_sharing_enabled":true,"_links":{"self":[{"href":"https:\/\/neoretailing.com\/fr_fr\/wp-json\/wp\/v2\/pages\/25","targetHints":{"allow":["GET"]}}],"collection":[{"href":"https:\/\/neoretailing.com\/fr_fr\/wp-json\/wp\/v2\/pages"}],"about":[{"href":"https:\/\/neoretailing.com\/fr_fr\/wp-json\/wp\/v2\/types\/page"}],"author":[{"embeddable":true,"href":"https:\/\/neoretailing.com\/fr_fr\/wp-json\/wp\/v2\/users\/1"}],"replies":[{"embeddable":true,"href":"https:\/\/neoretailing.com\/fr_fr\/wp-json\/wp\/v2\/comments?post=25"}],"version-history":[{"count":16,"href":"https:\/\/neoretailing.com\/fr_fr\/wp-json\/wp\/v2\/pages\/25\/revisions"}],"predecessor-version":[{"id":736,"href":"https:\/\/neoretailing.com\/fr_fr\/wp-json\/wp\/v2\/pages\/25\/revisions\/736"}],"wp:attachment":[{"href":"https:\/\/neoretailing.com\/fr_fr\/wp-json\/wp\/v2\/media?parent=25"}],"curies":[{"name":"wp","href":"https:\/\/api.w.org\/{rel}","templated":true}]}}