{"id":30,"date":"2024-06-25T12:14:39","date_gmt":"2024-06-25T10:14:39","guid":{"rendered":"https:\/\/neoretailing.com\/?page_id=30"},"modified":"2024-09-16T12:20:24","modified_gmt":"2024-09-16T10:20:24","slug":"analyses-de-marche","status":"publish","type":"page","link":"https:\/\/neoretailing.com\/en\/analyses-de-marche\/","title":{"rendered":"Market Research"},"content":{"rendered":"<div data-elementor-type=\"wp-page\" data-elementor-id=\"30\" class=\"elementor elementor-30\">\n\t\t\t\t\t\t<section class=\"elementor-section elementor-top-section elementor-element elementor-element-ca9bef2 elementor-section-boxed elementor-section-height-default elementor-section-height-default\" data-id=\"ca9bef2\" data-element_type=\"section\">\n\t\t\t\t\t\t<div class=\"elementor-container elementor-column-gap-default\">\n\t\t\t\t\t<div class=\"elementor-column elementor-col-33 elementor-top-column elementor-element elementor-element-ec358a0\" data-id=\"ec358a0\" data-element_type=\"column\">\n\t\t\t<div class=\"elementor-widget-wrap elementor-element-populated\">\n\t\t\t\t\t\t<div class=\"elementor-element elementor-element-96a10e7 elementor-widget elementor-widget-image\" data-id=\"96a10e7\" data-element_type=\"widget\" data-widget_type=\"image.default\">\n\t\t\t\t<div class=\"elementor-widget-container\">\n\t\t\t\t\t\t\t\t\t\t\t\t\t\t\t<img fetchpriority=\"high\" decoding=\"async\" width=\"824\" height=\"472\" src=\"https:\/\/neoretailing.com\/wp-content\/uploads\/2024\/08\/Capture-decran-2024-08-02-a-11.22.20.png\" class=\"attachment-large size-large wp-image-398\" alt=\"\" srcset=\"https:\/\/neoretailing.com\/wp-content\/uploads\/2024\/08\/Capture-decran-2024-08-02-a-11.22.20.png 824w, https:\/\/neoretailing.com\/wp-content\/uploads\/2024\/08\/Capture-decran-2024-08-02-a-11.22.20-300x172.png 300w, https:\/\/neoretailing.com\/wp-content\/uploads\/2024\/08\/Capture-decran-2024-08-02-a-11.22.20-768x440.png 768w, https:\/\/neoretailing.com\/wp-content\/uploads\/2024\/08\/Capture-decran-2024-08-02-a-11.22.20-600x344.png 600w\" sizes=\"(max-width: 824px) 100vw, 824px\" \/>\t\t\t\t\t\t\t\t\t\t\t\t\t\t\t<\/div>\n\t\t\t\t<\/div>\n\t\t\t\t\t<\/div>\n\t\t<\/div>\n\t\t\t\t<div class=\"elementor-column elementor-col-66 elementor-top-column elementor-element elementor-element-c3f9b31\" data-id=\"c3f9b31\" data-element_type=\"column\">\n\t\t\t<div class=\"elementor-widget-wrap elementor-element-populated\">\n\t\t\t\t\t\t<div class=\"elementor-element elementor-element-6bd1bad elementor-widget elementor-widget-heading\" data-id=\"6bd1bad\" data-element_type=\"widget\" data-widget_type=\"heading.default\">\n\t\t\t\t<div class=\"elementor-widget-container\">\n\t\t\t\t\t<h2 class=\"elementor-heading-title elementor-size-default\">Analysis and Market Research<\/h2>\t\t\t\t<\/div>\n\t\t\t\t<\/div>\n\t\t\t\t<div class=\"elementor-element elementor-element-10a8438 elementor-widget elementor-widget-text-editor\" data-id=\"10a8438\" data-element_type=\"widget\" data-widget_type=\"text-editor.default\">\n\t\t\t\t<div class=\"elementor-widget-container\">\n\t\t\t\t\t\t\t\t\t<p>NeoRetailing can carry out <a href=\"https:\/\/bpifrance-creation.fr\/encyclopedie\/letude-marche\/comment-faire-son-etude-marche\/4-etapes-bien-realiser-votre-etude-marche\" target=\"_blank\" rel=\"noopener\"><strong>studies and market researches<\/strong><\/a> in France, Europe, Canada and the USA.<\/p><p>These studies are characterized by their highly pragmatic approach. The objective is often to assess the market potential of a given country, for a given solution. A market analysis doesn't just show industry trends, but also identifies the main players and their strategies. From this can be derived an analysis of market potential. These elements will enable a company to calibrate its investment.<\/p><p>It all starts with an initial briefing meeting, then the precise objectives of the study are defined and NeoRetailing begins its prospecting and information gathering.<\/p><p>The deliverable is a study that will enable the customer to assess the potential of the market in question, so as to determine whether or not it is worth tackling.<\/p><p>For example, we carried out a study for an Austrian company specializing in remote service station maintenance. Before deciding to approach the French market, one of the largest in Europe, the CEO commissioned NeoRetailing to carry out a study of the French market. The main players were met, the strategies of the various groups were assessed, and market trends were described. This enabled the company to make a decision for the future.<\/p>\t\t\t\t\t\t\t\t<\/div>\n\t\t\t\t<\/div>\n\t\t\t\t\t<\/div>\n\t\t<\/div>\n\t\t\t\t\t<\/div>\n\t\t<\/section>\n\t\t\t\t<\/div>","protected":false},"excerpt":{"rendered":"<p>Etudes et Analyses de March\u00e9 NeoRetailing peut r\u00e9aliser des \u00e9tudes et des analyses de march\u00e9 sur la France, l&rsquo;Europe ou le Canada et les \u00c9tats-Unis. Ces \u00e9tudes se caract\u00e9risent par leur aspect tr\u00e8s pragmatique. L&rsquo;objectif recherch\u00e9 est souvent l&rsquo;\u00e9valuation du potentiel du march\u00e9 d&rsquo;un pays, pour une solutions donn\u00e9e. Une analyse de march\u00e9 ne va [&hellip;]<\/p>\n","protected":false},"author":1,"featured_media":0,"parent":0,"menu_order":0,"comment_status":"closed","ping_status":"closed","template":"","meta":{"_monsterinsights_skip_tracking":false,"_monsterinsights_sitenote_active":false,"_monsterinsights_sitenote_note":"","_monsterinsights_sitenote_category":0,"ocean_post_layout":"","ocean_both_sidebars_style":"","ocean_both_sidebars_content_width":0,"ocean_both_sidebars_sidebars_width":0,"ocean_sidebar":"","ocean_second_sidebar":"","ocean_disable_margins":"enable","ocean_add_body_class":"","ocean_shortcode_before_top_bar":"","ocean_shortcode_after_top_bar":"","ocean_shortcode_before_header":"","ocean_shortcode_after_header":"","ocean_has_shortcode":"","ocean_shortcode_after_title":"","ocean_shortcode_before_footer_widgets":"","ocean_shortcode_after_footer_widgets":"","ocean_shortcode_before_footer_bottom":"","ocean_shortcode_after_footer_bottom":"","ocean_display_top_bar":"default","ocean_display_header":"default","ocean_header_style":"","ocean_center_header_left_menu":"","ocean_custom_header_template":"","ocean_custom_logo":0,"ocean_custom_retina_logo":0,"ocean_custom_logo_max_width":0,"ocean_custom_logo_tablet_max_width":0,"ocean_custom_logo_mobile_max_width":0,"ocean_custom_logo_max_height":0,"ocean_custom_logo_tablet_max_height":0,"ocean_custom_logo_mobile_max_height":0,"ocean_header_custom_menu":"","ocean_menu_typo_font_family":"","ocean_menu_typo_font_subset":"","ocean_menu_typo_font_size":0,"ocean_menu_typo_font_size_tablet":0,"ocean_menu_typo_font_size_mobile":0,"ocean_menu_typo_font_size_unit":"px","ocean_menu_typo_font_weight":"","ocean_menu_typo_font_weight_tablet":"","ocean_menu_typo_font_weight_mobile":"","ocean_menu_typo_transform":"","ocean_menu_typo_transform_tablet":"","ocean_menu_typo_transform_mobile":"","ocean_menu_typo_line_height":0,"ocean_menu_typo_line_height_tablet":0,"ocean_menu_typo_line_height_mobile":0,"ocean_menu_typo_line_height_unit":"","ocean_menu_typo_spacing":0,"ocean_menu_typo_spacing_tablet":0,"ocean_menu_typo_spacing_mobile":0,"ocean_menu_typo_spacing_unit":"","ocean_menu_link_color":"","ocean_menu_link_color_hover":"","ocean_menu_link_color_active":"","ocean_menu_link_background":"","ocean_menu_link_hover_background":"","ocean_menu_link_active_background":"","ocean_menu_social_links_bg":"","ocean_menu_social_hover_links_bg":"","ocean_menu_social_links_color":"","ocean_menu_social_hover_links_color":"","ocean_disable_title":"default","ocean_disable_heading":"default","ocean_post_title":"","ocean_post_subheading":"","ocean_post_title_style":"","ocean_post_title_background_color":"","ocean_post_title_background":0,"ocean_post_title_bg_image_position":"","ocean_post_title_bg_image_attachment":"","ocean_post_title_bg_image_repeat":"","ocean_post_title_bg_image_size":"","ocean_post_title_height":0,"ocean_post_title_bg_overlay":0.5,"ocean_post_title_bg_overlay_color":"","ocean_disable_breadcrumbs":"default","ocean_breadcrumbs_color":"","ocean_breadcrumbs_separator_color":"","ocean_breadcrumbs_links_color":"","ocean_breadcrumbs_links_hover_color":"","ocean_display_footer_widgets":"default","ocean_display_footer_bottom":"default","ocean_custom_footer_template":"","footnotes":""},"class_list":["post-30","page","type-page","status-publish","hentry","entry","owp-thumbs-layout-horizontal","owp-btn-very-big","owp-tabs-layout-horizontal","has-no-thumbnails"],"yoast_head":"<!-- This site is optimized with the Yoast SEO plugin v27.3 - https:\/\/yoast.com\/product\/yoast-seo-wordpress\/ -->\n<title>Analyses de march\u00e9 op\u00e9rationnelles - NEORETAILING<\/title>\n<meta name=\"description\" content=\"Expert dans le domaine des \u00e9tudes et analyses de march\u00e9 op\u00e9rationnelles, tous secteurs en France, en Europe, au Canada et les \u00c9tats-Unis\" \/>\n<meta name=\"robots\" content=\"index, follow, max-snippet:-1, max-image-preview:large, max-video-preview:-1\" \/>\n<link rel=\"canonical\" href=\"https:\/\/neoretailing.com\/en\/analyses-de-marche\/\" \/>\n<meta property=\"og:locale\" content=\"en_US\" \/>\n<meta property=\"og:type\" content=\"article\" \/>\n<meta property=\"og:title\" content=\"Analyses de march\u00e9 op\u00e9rationnelles - NEORETAILING\" \/>\n<meta property=\"og:description\" content=\"Expert dans le domaine des \u00e9tudes et analyses de march\u00e9 op\u00e9rationnelles, tous secteurs en France, en Europe, au Canada et les \u00c9tats-Unis\" \/>\n<meta property=\"og:url\" content=\"https:\/\/neoretailing.com\/en\/analyses-de-marche\/\" \/>\n<meta property=\"og:site_name\" content=\"NEORETAILING\" \/>\n<meta property=\"article:modified_time\" content=\"2024-09-16T10:20:24+00:00\" \/>\n<meta property=\"og:image\" content=\"https:\/\/neoretailing.com\/wp-content\/uploads\/2024\/08\/Capture-decran-2024-08-02-a-11.22.20.png\" \/>\n<meta name=\"twitter:card\" content=\"summary_large_image\" \/>\n<meta name=\"twitter:label1\" content=\"Est. reading time\" \/>\n\t<meta name=\"twitter:data1\" content=\"2 minutes\" \/>\n<script type=\"application\/ld+json\" class=\"yoast-schema-graph\">{\"@context\":\"https:\\\/\\\/schema.org\",\"@graph\":[{\"@type\":\"WebPage\",\"@id\":\"https:\\\/\\\/neoretailing.com\\\/fr_fr\\\/analyses-de-marche\\\/\",\"url\":\"https:\\\/\\\/neoretailing.com\\\/fr_fr\\\/analyses-de-marche\\\/\",\"name\":\"Analyses de march\u00e9 op\u00e9rationnelles - NEORETAILING\",\"isPartOf\":{\"@id\":\"https:\\\/\\\/neoretailing.com\\\/#website\"},\"primaryImageOfPage\":{\"@id\":\"https:\\\/\\\/neoretailing.com\\\/fr_fr\\\/analyses-de-marche\\\/#primaryimage\"},\"image\":{\"@id\":\"https:\\\/\\\/neoretailing.com\\\/fr_fr\\\/analyses-de-marche\\\/#primaryimage\"},\"thumbnailUrl\":\"https:\\\/\\\/neoretailing.com\\\/wp-content\\\/uploads\\\/2024\\\/08\\\/Capture-decran-2024-08-02-a-11.22.20.png\",\"datePublished\":\"2024-06-25T10:14:39+00:00\",\"dateModified\":\"2024-09-16T10:20:24+00:00\",\"description\":\"Expert dans le domaine des \u00e9tudes et analyses de march\u00e9 op\u00e9rationnelles, tous secteurs en France, en Europe, au Canada et les \u00c9tats-Unis\",\"breadcrumb\":{\"@id\":\"https:\\\/\\\/neoretailing.com\\\/fr_fr\\\/analyses-de-marche\\\/#breadcrumb\"},\"inLanguage\":\"en-US\",\"potentialAction\":[{\"@type\":\"ReadAction\",\"target\":[\"https:\\\/\\\/neoretailing.com\\\/fr_fr\\\/analyses-de-marche\\\/\"]}]},{\"@type\":\"ImageObject\",\"inLanguage\":\"en-US\",\"@id\":\"https:\\\/\\\/neoretailing.com\\\/fr_fr\\\/analyses-de-marche\\\/#primaryimage\",\"url\":\"https:\\\/\\\/neoretailing.com\\\/wp-content\\\/uploads\\\/2024\\\/08\\\/Capture-decran-2024-08-02-a-11.22.20.png\",\"contentUrl\":\"https:\\\/\\\/neoretailing.com\\\/wp-content\\\/uploads\\\/2024\\\/08\\\/Capture-decran-2024-08-02-a-11.22.20.png\"},{\"@type\":\"BreadcrumbList\",\"@id\":\"https:\\\/\\\/neoretailing.com\\\/fr_fr\\\/analyses-de-marche\\\/#breadcrumb\",\"itemListElement\":[{\"@type\":\"ListItem\",\"position\":1,\"name\":\"Accueil\",\"item\":\"https:\\\/\\\/neoretailing.com\\\/\"},{\"@type\":\"ListItem\",\"position\":2,\"name\":\"Analyses de march\u00e9\"}]},{\"@type\":\"WebSite\",\"@id\":\"https:\\\/\\\/neoretailing.com\\\/#website\",\"url\":\"https:\\\/\\\/neoretailing.com\\\/\",\"name\":\"NEORETAILING\",\"description\":\"Conseil, Innovation, \u00c9tudes, \u00c9v\u00e9nementiel\",\"potentialAction\":[{\"@type\":\"SearchAction\",\"target\":{\"@type\":\"EntryPoint\",\"urlTemplate\":\"https:\\\/\\\/neoretailing.com\\\/?s={search_term_string}\"},\"query-input\":{\"@type\":\"PropertyValueSpecification\",\"valueRequired\":true,\"valueName\":\"search_term_string\"}}],\"inLanguage\":\"en-US\"}]}<\/script>\n<!-- \/ Yoast SEO plugin. -->","yoast_head_json":{"title":"Analyses de march\u00e9 op\u00e9rationnelles - NEORETAILING","description":"Expert dans le domaine des \u00e9tudes et analyses de march\u00e9 op\u00e9rationnelles, tous secteurs en France, en Europe, au Canada et les \u00c9tats-Unis","robots":{"index":"index","follow":"follow","max-snippet":"max-snippet:-1","max-image-preview":"max-image-preview:large","max-video-preview":"max-video-preview:-1"},"canonical":"https:\/\/neoretailing.com\/en\/analyses-de-marche\/","og_locale":"en_US","og_type":"article","og_title":"Analyses de march\u00e9 op\u00e9rationnelles - NEORETAILING","og_description":"Expert dans le domaine des \u00e9tudes et analyses de march\u00e9 op\u00e9rationnelles, tous secteurs en France, en Europe, au Canada et les \u00c9tats-Unis","og_url":"https:\/\/neoretailing.com\/en\/analyses-de-marche\/","og_site_name":"NEORETAILING","article_modified_time":"2024-09-16T10:20:24+00:00","og_image":[{"url":"https:\/\/neoretailing.com\/wp-content\/uploads\/2024\/08\/Capture-decran-2024-08-02-a-11.22.20.png","type":"","width":"","height":""}],"twitter_card":"summary_large_image","twitter_misc":{"Est. reading time":"2 minutes"},"schema":{"@context":"https:\/\/schema.org","@graph":[{"@type":"WebPage","@id":"https:\/\/neoretailing.com\/fr_fr\/analyses-de-marche\/","url":"https:\/\/neoretailing.com\/fr_fr\/analyses-de-marche\/","name":"Analyses de march\u00e9 op\u00e9rationnelles - NEORETAILING","isPartOf":{"@id":"https:\/\/neoretailing.com\/#website"},"primaryImageOfPage":{"@id":"https:\/\/neoretailing.com\/fr_fr\/analyses-de-marche\/#primaryimage"},"image":{"@id":"https:\/\/neoretailing.com\/fr_fr\/analyses-de-marche\/#primaryimage"},"thumbnailUrl":"https:\/\/neoretailing.com\/wp-content\/uploads\/2024\/08\/Capture-decran-2024-08-02-a-11.22.20.png","datePublished":"2024-06-25T10:14:39+00:00","dateModified":"2024-09-16T10:20:24+00:00","description":"Expert dans le domaine des \u00e9tudes et analyses de march\u00e9 op\u00e9rationnelles, tous secteurs en France, en Europe, au Canada et les \u00c9tats-Unis","breadcrumb":{"@id":"https:\/\/neoretailing.com\/fr_fr\/analyses-de-marche\/#breadcrumb"},"inLanguage":"en-US","potentialAction":[{"@type":"ReadAction","target":["https:\/\/neoretailing.com\/fr_fr\/analyses-de-marche\/"]}]},{"@type":"ImageObject","inLanguage":"en-US","@id":"https:\/\/neoretailing.com\/fr_fr\/analyses-de-marche\/#primaryimage","url":"https:\/\/neoretailing.com\/wp-content\/uploads\/2024\/08\/Capture-decran-2024-08-02-a-11.22.20.png","contentUrl":"https:\/\/neoretailing.com\/wp-content\/uploads\/2024\/08\/Capture-decran-2024-08-02-a-11.22.20.png"},{"@type":"BreadcrumbList","@id":"https:\/\/neoretailing.com\/fr_fr\/analyses-de-marche\/#breadcrumb","itemListElement":[{"@type":"ListItem","position":1,"name":"Accueil","item":"https:\/\/neoretailing.com\/"},{"@type":"ListItem","position":2,"name":"Analyses de march\u00e9"}]},{"@type":"WebSite","@id":"https:\/\/neoretailing.com\/#website","url":"https:\/\/neoretailing.com\/","name":"NEORETAILING","description":"Conseil, Innovation, \u00c9tudes, \u00c9v\u00e9nementiel","potentialAction":[{"@type":"SearchAction","target":{"@type":"EntryPoint","urlTemplate":"https:\/\/neoretailing.com\/?s={search_term_string}"},"query-input":{"@type":"PropertyValueSpecification","valueRequired":true,"valueName":"search_term_string"}}],"inLanguage":"en-US"}]}},"jetpack_sharing_enabled":true,"_links":{"self":[{"href":"https:\/\/neoretailing.com\/en\/wp-json\/wp\/v2\/pages\/30","targetHints":{"allow":["GET"]}}],"collection":[{"href":"https:\/\/neoretailing.com\/en\/wp-json\/wp\/v2\/pages"}],"about":[{"href":"https:\/\/neoretailing.com\/en\/wp-json\/wp\/v2\/types\/page"}],"author":[{"embeddable":true,"href":"https:\/\/neoretailing.com\/en\/wp-json\/wp\/v2\/users\/1"}],"replies":[{"embeddable":true,"href":"https:\/\/neoretailing.com\/en\/wp-json\/wp\/v2\/comments?post=30"}],"version-history":[{"count":25,"href":"https:\/\/neoretailing.com\/en\/wp-json\/wp\/v2\/pages\/30\/revisions"}],"predecessor-version":[{"id":730,"href":"https:\/\/neoretailing.com\/en\/wp-json\/wp\/v2\/pages\/30\/revisions\/730"}],"wp:attachment":[{"href":"https:\/\/neoretailing.com\/en\/wp-json\/wp\/v2\/media?parent=30"}],"curies":[{"name":"wp","href":"https:\/\/api.w.org\/{rel}","templated":true}]}}