{"id":28,"date":"2024-06-25T12:14:24","date_gmt":"2024-06-25T10:14:24","guid":{"rendered":"https:\/\/neoretailing.com\/?page_id=28"},"modified":"2024-09-16T15:05:07","modified_gmt":"2024-09-16T13:05:07","slug":"service-2","status":"publish","type":"page","link":"https:\/\/neoretailing.com\/en\/service-2\/","title":{"rendered":"Business Development"},"content":{"rendered":"<div data-elementor-type=\"wp-page\" data-elementor-id=\"28\" class=\"elementor elementor-28\">\n\t\t\t\t\t\t<section class=\"elementor-section elementor-top-section elementor-element elementor-element-5da4c16 elementor-section-boxed elementor-section-height-default elementor-section-height-default\" data-id=\"5da4c16\" data-element_type=\"section\">\n\t\t\t\t\t\t<div class=\"elementor-container elementor-column-gap-default\">\n\t\t\t\t\t<div class=\"elementor-column elementor-col-33 elementor-top-column elementor-element elementor-element-48127e1\" data-id=\"48127e1\" data-element_type=\"column\">\n\t\t\t<div class=\"elementor-widget-wrap elementor-element-populated\">\n\t\t\t\t\t\t<div class=\"elementor-element elementor-element-c504fad elementor-widget elementor-widget-image\" data-id=\"c504fad\" data-element_type=\"widget\" data-widget_type=\"image.default\">\n\t\t\t\t<div class=\"elementor-widget-container\">\n\t\t\t\t\t\t\t\t\t\t\t\t\t\t\t<img fetchpriority=\"high\" decoding=\"async\" width=\"902\" height=\"596\" src=\"https:\/\/neoretailing.com\/wp-content\/uploads\/2024\/08\/Capture-decran-2024-08-02-a-11.22.41.png\" class=\"attachment-large size-large wp-image-396\" alt=\"NEORETAILING, conseil en business development\" srcset=\"https:\/\/neoretailing.com\/wp-content\/uploads\/2024\/08\/Capture-decran-2024-08-02-a-11.22.41.png 902w, https:\/\/neoretailing.com\/wp-content\/uploads\/2024\/08\/Capture-decran-2024-08-02-a-11.22.41-300x198.png 300w, https:\/\/neoretailing.com\/wp-content\/uploads\/2024\/08\/Capture-decran-2024-08-02-a-11.22.41-768x507.png 768w, https:\/\/neoretailing.com\/wp-content\/uploads\/2024\/08\/Capture-decran-2024-08-02-a-11.22.41-600x396.png 600w\" sizes=\"(max-width: 902px) 100vw, 902px\" \/>\t\t\t\t\t\t\t\t\t\t\t\t\t\t\t<\/div>\n\t\t\t\t<\/div>\n\t\t\t\t\t<\/div>\n\t\t<\/div>\n\t\t\t\t<div class=\"elementor-column elementor-col-66 elementor-top-column elementor-element elementor-element-31396ee\" data-id=\"31396ee\" data-element_type=\"column\">\n\t\t\t<div class=\"elementor-widget-wrap elementor-element-populated\">\n\t\t\t\t\t\t<div class=\"elementor-element elementor-element-f4f0358 elementor-widget elementor-widget-heading\" data-id=\"f4f0358\" data-element_type=\"widget\" data-widget_type=\"heading.default\">\n\t\t\t\t<div class=\"elementor-widget-container\">\n\t\t\t\t\t<h2 class=\"elementor-heading-title elementor-size-default\">Business Development <\/h2>\t\t\t\t<\/div>\n\t\t\t\t<\/div>\n\t\t\t\t<div class=\"elementor-element elementor-element-a424c66 elementor-widget elementor-widget-text-editor\" data-id=\"a424c66\" data-element_type=\"widget\" data-widget_type=\"text-editor.default\">\n\t\t\t\t<div class=\"elementor-widget-container\">\n\t\t\t\t\t\t\t\t\t<p>Business Development involves developing the customer's sales and\/or commercial presence through intensive prospecting.<\/p>\n<p>After a briefing meeting to present the company and its challenges, the mission consists of making appointments with pre-identified prospects. Two options are proposed: either the appointment is made for a sales manager of the customer, or NeoRetailing includes this appointment in its mission and takes care of the meeting and the presentation of the customer's activities.<\/p>\n<p>The ultimate aim is to develop the customer's commercial presence. NeoRetaling can even go as far as signing a contract, on a pre-defined basis and in liaison with the sales department.<\/p>\n<p>This type of mission can involve both hunting and \u201cbreeding\u201d, i.e. the development of existing customers. For a customer who prefers hunting, Neoretailing has the advantage of a rich, up-to-date database, which multiplies the chances of success in making appointments. In the case of breeding, the client communicates the names and functions of customers, and particular care is taken to take into account the quality of existing relationships.<\/p>\n<p>These missions concern all sectors and all sizes of B2B companies.<\/p><p>Neoretailing is currently carrying out assignments in the Service Station sector in France. The aim is to initiate business for a company present in other European countries, and which has identified France as a very important market.<\/p>\t\t\t\t\t\t\t\t<\/div>\n\t\t\t\t<\/div>\n\t\t\t\t\t<\/div>\n\t\t<\/div>\n\t\t\t\t\t<\/div>\n\t\t<\/section>\n\t\t\t\t<\/div>","protected":false},"excerpt":{"rendered":"<p>Business Development Le Business Development consiste \u00e0 d\u00e9velopper le chiffre d&rsquo;affaire et\/ou la pr\u00e9sence commerciale du client par une prospection intensive. Apr\u00e8s une r\u00e9union de briefing qui pr\u00e9sente l&rsquo;entreprise et ses enjeux, la mission consiste \u00e0 prendre des rendez-vous avec des prospects pr\u00e9-identifi\u00e9s. Deux options sont propos\u00e9es &nbsp;: soit le rendez-vous est pris pour un [&hellip;]<\/p>\n","protected":false},"author":1,"featured_media":0,"parent":0,"menu_order":0,"comment_status":"closed","ping_status":"closed","template":"","meta":{"_monsterinsights_skip_tracking":false,"_monsterinsights_sitenote_active":false,"_monsterinsights_sitenote_note":"","_monsterinsights_sitenote_category":0,"ocean_post_layout":"","ocean_both_sidebars_style":"","ocean_both_sidebars_content_width":0,"ocean_both_sidebars_sidebars_width":0,"ocean_sidebar":"","ocean_second_sidebar":"","ocean_disable_margins":"enable","ocean_add_body_class":"","ocean_shortcode_before_top_bar":"","ocean_shortcode_after_top_bar":"","ocean_shortcode_before_header":"","ocean_shortcode_after_header":"","ocean_has_shortcode":"","ocean_shortcode_after_title":"","ocean_shortcode_before_footer_widgets":"","ocean_shortcode_after_footer_widgets":"","ocean_shortcode_before_footer_bottom":"","ocean_shortcode_after_footer_bottom":"","ocean_display_top_bar":"default","ocean_display_header":"default","ocean_header_style":"","ocean_center_header_left_menu":"","ocean_custom_header_template":"","ocean_custom_logo":0,"ocean_custom_retina_logo":0,"ocean_custom_logo_max_width":0,"ocean_custom_logo_tablet_max_width":0,"ocean_custom_logo_mobile_max_width":0,"ocean_custom_logo_max_height":0,"ocean_custom_logo_tablet_max_height":0,"ocean_custom_logo_mobile_max_height":0,"ocean_header_custom_menu":"","ocean_menu_typo_font_family":"","ocean_menu_typo_font_subset":"","ocean_menu_typo_font_size":0,"ocean_menu_typo_font_size_tablet":0,"ocean_menu_typo_font_size_mobile":0,"ocean_menu_typo_font_size_unit":"px","ocean_menu_typo_font_weight":"","ocean_menu_typo_font_weight_tablet":"","ocean_menu_typo_font_weight_mobile":"","ocean_menu_typo_transform":"","ocean_menu_typo_transform_tablet":"","ocean_menu_typo_transform_mobile":"","ocean_menu_typo_line_height":0,"ocean_menu_typo_line_height_tablet":0,"ocean_menu_typo_line_height_mobile":0,"ocean_menu_typo_line_height_unit":"","ocean_menu_typo_spacing":0,"ocean_menu_typo_spacing_tablet":0,"ocean_menu_typo_spacing_mobile":0,"ocean_menu_typo_spacing_unit":"","ocean_menu_link_color":"","ocean_menu_link_color_hover":"","ocean_menu_link_color_active":"","ocean_menu_link_background":"","ocean_menu_link_hover_background":"","ocean_menu_link_active_background":"","ocean_menu_social_links_bg":"","ocean_menu_social_hover_links_bg":"","ocean_menu_social_links_color":"","ocean_menu_social_hover_links_color":"","ocean_disable_title":"default","ocean_disable_heading":"default","ocean_post_title":"","ocean_post_subheading":"","ocean_post_title_style":"","ocean_post_title_background_color":"","ocean_post_title_background":0,"ocean_post_title_bg_image_position":"","ocean_post_title_bg_image_attachment":"","ocean_post_title_bg_image_repeat":"","ocean_post_title_bg_image_size":"","ocean_post_title_height":0,"ocean_post_title_bg_overlay":0.5,"ocean_post_title_bg_overlay_color":"","ocean_disable_breadcrumbs":"default","ocean_breadcrumbs_color":"","ocean_breadcrumbs_separator_color":"","ocean_breadcrumbs_links_color":"","ocean_breadcrumbs_links_hover_color":"","ocean_display_footer_widgets":"default","ocean_display_footer_bottom":"default","ocean_custom_footer_template":"","footnotes":""},"class_list":["post-28","page","type-page","status-publish","hentry","entry","owp-thumbs-layout-horizontal","owp-btn-very-big","owp-tabs-layout-horizontal","has-no-thumbnails"],"yoast_head":"<!-- This site is optimized with the Yoast SEO plugin v27.3 - https:\/\/yoast.com\/product\/yoast-seo-wordpress\/ -->\n<title>Performance commerciale Business development prospection<\/title>\n<meta name=\"description\" content=\"Neoretailing propose des interventions directes pour prospecter vers de nouveaux clients ou d\u00e9velopper la base de clients existants\" \/>\n<meta name=\"robots\" content=\"index, follow, max-snippet:-1, max-image-preview:large, max-video-preview:-1\" \/>\n<link rel=\"canonical\" href=\"https:\/\/neoretailing.com\/en\/service-2\/\" \/>\n<meta property=\"og:locale\" content=\"en_US\" \/>\n<meta property=\"og:type\" content=\"article\" \/>\n<meta property=\"og:title\" content=\"Performance commerciale Business development prospection\" \/>\n<meta property=\"og:description\" content=\"Neoretailing propose des interventions directes pour prospecter vers de nouveaux clients ou d\u00e9velopper la base de clients existants\" \/>\n<meta property=\"og:url\" content=\"https:\/\/neoretailing.com\/en\/service-2\/\" \/>\n<meta property=\"og:site_name\" content=\"NEORETAILING\" \/>\n<meta property=\"article:modified_time\" content=\"2024-09-16T13:05:07+00:00\" \/>\n<meta property=\"og:image\" content=\"https:\/\/neoretailing.com\/wp-content\/uploads\/2024\/08\/Capture-decran-2024-08-02-a-11.22.41.png\" \/>\n<meta name=\"twitter:card\" content=\"summary_large_image\" \/>\n<meta name=\"twitter:label1\" content=\"Est. reading time\" \/>\n\t<meta name=\"twitter:data1\" content=\"2 minutes\" \/>\n<script type=\"application\/ld+json\" class=\"yoast-schema-graph\">{\"@context\":\"https:\\\/\\\/schema.org\",\"@graph\":[{\"@type\":\"WebPage\",\"@id\":\"https:\\\/\\\/neoretailing.com\\\/service-2\\\/\",\"url\":\"https:\\\/\\\/neoretailing.com\\\/service-2\\\/\",\"name\":\"Performance commerciale Business development prospection\",\"isPartOf\":{\"@id\":\"https:\\\/\\\/neoretailing.com\\\/#website\"},\"primaryImageOfPage\":{\"@id\":\"https:\\\/\\\/neoretailing.com\\\/service-2\\\/#primaryimage\"},\"image\":{\"@id\":\"https:\\\/\\\/neoretailing.com\\\/service-2\\\/#primaryimage\"},\"thumbnailUrl\":\"https:\\\/\\\/neoretailing.com\\\/wp-content\\\/uploads\\\/2024\\\/08\\\/Capture-decran-2024-08-02-a-11.22.41.png\",\"datePublished\":\"2024-06-25T10:14:24+00:00\",\"dateModified\":\"2024-09-16T13:05:07+00:00\",\"description\":\"Neoretailing propose des interventions directes pour prospecter vers de nouveaux clients ou d\u00e9velopper la base de clients existants\",\"breadcrumb\":{\"@id\":\"https:\\\/\\\/neoretailing.com\\\/service-2\\\/#breadcrumb\"},\"inLanguage\":\"en-US\",\"potentialAction\":[{\"@type\":\"ReadAction\",\"target\":[\"https:\\\/\\\/neoretailing.com\\\/service-2\\\/\"]}]},{\"@type\":\"ImageObject\",\"inLanguage\":\"en-US\",\"@id\":\"https:\\\/\\\/neoretailing.com\\\/service-2\\\/#primaryimage\",\"url\":\"https:\\\/\\\/neoretailing.com\\\/wp-content\\\/uploads\\\/2024\\\/08\\\/Capture-decran-2024-08-02-a-11.22.41.png\",\"contentUrl\":\"https:\\\/\\\/neoretailing.com\\\/wp-content\\\/uploads\\\/2024\\\/08\\\/Capture-decran-2024-08-02-a-11.22.41.png\"},{\"@type\":\"BreadcrumbList\",\"@id\":\"https:\\\/\\\/neoretailing.com\\\/service-2\\\/#breadcrumb\",\"itemListElement\":[{\"@type\":\"ListItem\",\"position\":1,\"name\":\"Accueil\",\"item\":\"https:\\\/\\\/neoretailing.com\\\/\"},{\"@type\":\"ListItem\",\"position\":2,\"name\":\"Business Development\"}]},{\"@type\":\"WebSite\",\"@id\":\"https:\\\/\\\/neoretailing.com\\\/#website\",\"url\":\"https:\\\/\\\/neoretailing.com\\\/\",\"name\":\"NEORETAILING\",\"description\":\"Conseil, Innovation, \u00c9tudes, \u00c9v\u00e9nementiel\",\"potentialAction\":[{\"@type\":\"SearchAction\",\"target\":{\"@type\":\"EntryPoint\",\"urlTemplate\":\"https:\\\/\\\/neoretailing.com\\\/?s={search_term_string}\"},\"query-input\":{\"@type\":\"PropertyValueSpecification\",\"valueRequired\":true,\"valueName\":\"search_term_string\"}}],\"inLanguage\":\"en-US\"}]}<\/script>\n<!-- \/ Yoast SEO plugin. -->","yoast_head_json":{"title":"Performance commerciale Business development prospection","description":"Neoretailing propose des interventions directes pour prospecter vers de nouveaux clients ou d\u00e9velopper la base de clients existants","robots":{"index":"index","follow":"follow","max-snippet":"max-snippet:-1","max-image-preview":"max-image-preview:large","max-video-preview":"max-video-preview:-1"},"canonical":"https:\/\/neoretailing.com\/en\/service-2\/","og_locale":"en_US","og_type":"article","og_title":"Performance commerciale Business development prospection","og_description":"Neoretailing propose des interventions directes pour prospecter vers de nouveaux clients ou d\u00e9velopper la base de clients existants","og_url":"https:\/\/neoretailing.com\/en\/service-2\/","og_site_name":"NEORETAILING","article_modified_time":"2024-09-16T13:05:07+00:00","og_image":[{"url":"https:\/\/neoretailing.com\/wp-content\/uploads\/2024\/08\/Capture-decran-2024-08-02-a-11.22.41.png","type":"","width":"","height":""}],"twitter_card":"summary_large_image","twitter_misc":{"Est. reading time":"2 minutes"},"schema":{"@context":"https:\/\/schema.org","@graph":[{"@type":"WebPage","@id":"https:\/\/neoretailing.com\/service-2\/","url":"https:\/\/neoretailing.com\/service-2\/","name":"Performance commerciale Business development prospection","isPartOf":{"@id":"https:\/\/neoretailing.com\/#website"},"primaryImageOfPage":{"@id":"https:\/\/neoretailing.com\/service-2\/#primaryimage"},"image":{"@id":"https:\/\/neoretailing.com\/service-2\/#primaryimage"},"thumbnailUrl":"https:\/\/neoretailing.com\/wp-content\/uploads\/2024\/08\/Capture-decran-2024-08-02-a-11.22.41.png","datePublished":"2024-06-25T10:14:24+00:00","dateModified":"2024-09-16T13:05:07+00:00","description":"Neoretailing propose des interventions directes pour prospecter vers de nouveaux clients ou d\u00e9velopper la base de clients existants","breadcrumb":{"@id":"https:\/\/neoretailing.com\/service-2\/#breadcrumb"},"inLanguage":"en-US","potentialAction":[{"@type":"ReadAction","target":["https:\/\/neoretailing.com\/service-2\/"]}]},{"@type":"ImageObject","inLanguage":"en-US","@id":"https:\/\/neoretailing.com\/service-2\/#primaryimage","url":"https:\/\/neoretailing.com\/wp-content\/uploads\/2024\/08\/Capture-decran-2024-08-02-a-11.22.41.png","contentUrl":"https:\/\/neoretailing.com\/wp-content\/uploads\/2024\/08\/Capture-decran-2024-08-02-a-11.22.41.png"},{"@type":"BreadcrumbList","@id":"https:\/\/neoretailing.com\/service-2\/#breadcrumb","itemListElement":[{"@type":"ListItem","position":1,"name":"Accueil","item":"https:\/\/neoretailing.com\/"},{"@type":"ListItem","position":2,"name":"Business Development"}]},{"@type":"WebSite","@id":"https:\/\/neoretailing.com\/#website","url":"https:\/\/neoretailing.com\/","name":"NEORETAILING","description":"Conseil, Innovation, \u00c9tudes, \u00c9v\u00e9nementiel","potentialAction":[{"@type":"SearchAction","target":{"@type":"EntryPoint","urlTemplate":"https:\/\/neoretailing.com\/?s={search_term_string}"},"query-input":{"@type":"PropertyValueSpecification","valueRequired":true,"valueName":"search_term_string"}}],"inLanguage":"en-US"}]}},"jetpack_sharing_enabled":true,"_links":{"self":[{"href":"https:\/\/neoretailing.com\/en\/wp-json\/wp\/v2\/pages\/28","targetHints":{"allow":["GET"]}}],"collection":[{"href":"https:\/\/neoretailing.com\/en\/wp-json\/wp\/v2\/pages"}],"about":[{"href":"https:\/\/neoretailing.com\/en\/wp-json\/wp\/v2\/types\/page"}],"author":[{"embeddable":true,"href":"https:\/\/neoretailing.com\/en\/wp-json\/wp\/v2\/users\/1"}],"replies":[{"embeddable":true,"href":"https:\/\/neoretailing.com\/en\/wp-json\/wp\/v2\/comments?post=28"}],"version-history":[{"count":31,"href":"https:\/\/neoretailing.com\/en\/wp-json\/wp\/v2\/pages\/28\/revisions"}],"predecessor-version":[{"id":739,"href":"https:\/\/neoretailing.com\/en\/wp-json\/wp\/v2\/pages\/28\/revisions\/739"}],"wp:attachment":[{"href":"https:\/\/neoretailing.com\/en\/wp-json\/wp\/v2\/media?parent=28"}],"curies":[{"name":"wp","href":"https:\/\/api.w.org\/{rel}","templated":true}]}}